{"id":8,"date":"2024-11-10T23:51:30","date_gmt":"2024-11-10T23:51:30","guid":{"rendered":"https:\/\/magnetictalent.cl\/?page_id=8"},"modified":"2025-04-09T19:35:39","modified_gmt":"2025-04-09T19:35:39","slug":"pagina-de-inicio","status":"publish","type":"page","link":"https:\/\/magnetictalent.cl\/","title":{"rendered":"P\u00e1gina de inicio"},"content":{"rendered":"\n<div class=\"wp-block-group alignwide pattern_multiple_covers has-kubio-color-6-background-color has-background\" id=\"services\"><div class=\"wp-block-group__inner-container is-layout-constrained wp-block-group-is-layout-constrained\">\n<p class=\"has-text-align-center has-text-color has-large-font-size\" style=\"color:#34bec3;letter-spacing:1px\">Nosotros<\/p>\n\n\n\n<p class=\"has-text-align-center has-white-color has-text-color has-link-color wp-elements-7454ebe4848ab7c77d28271cf7379f38\" style=\"font-size:20px\">Imagina una organizaci\u00f3n donde cada miembro vibra con un prop\u00f3sito claro, donde la cultura organizacional respira salud y crecimiento, y donde la sed de aprendizaje y superaci\u00f3n es parte del ADN. <\/p>\n\n\n\n<p><\/p>\n\n\n\n<p class=\"has-text-align-center has-white-color has-text-color has-link-color wp-elements-48711f1c733c6214c3e58537da0c499c\" style=\"font-size:20px\">En <strong>MAGNETIC TALENT<\/strong>, creemos que el <strong>futuro del trabajo<\/strong> pertenece a aquellos que entienden que una marca empleadora s\u00f3lida es mucho m\u00e1s que un logotipo o un eslogan: es un im\u00e1n irresistible que atrae a los mejores talentos estrat\u00e9gicos y proyecta una influencia imparable.<\/p>\n\n\n\n<div style=\"height:46px\" aria-hidden=\"true\" class=\"wp-block-spacer\"><\/div>\n\n\n\n<div class=\"wp-block-columns alignfull has-large-font-size is-layout-flex wp-container-core-columns-is-layout-9d6595d7 wp-block-columns-is-layout-flex\">\n<div class=\"wp-block-column is-layout-flow wp-block-column-is-layout-flow\" style=\"padding-top:0;padding-right:0;padding-bottom:0;padding-left:0\">\n<div class=\"wp-block-cover is-light has-custom-content-position is-position-bottom-left\" style=\"padding-top:var(--wp--preset--spacing--small);padding-right:var(--wp--preset--spacing--x-small);padding-bottom:var(--wp--preset--spacing--small);padding-left:var(--wp--preset--spacing--x-small)\"><span aria-hidden=\"true\" class=\"wp-block-cover__background has-primary-background-color has-background-dim-20 has-background-dim\"><\/span><video class=\"wp-block-cover__video-background intrinsic-ignore\" autoplay muted loop playsinline src=\"https:\/\/magnetictalent.cl\/wp-content\/uploads\/2024\/11\/22c8ce82-f079-4c89-b605-29c7b5d90fec.mp4\" data-object-fit=\"cover\"><\/video><div class=\"wp-block-cover__inner-container is-layout-flow wp-block-cover-is-layout-flow\">\n<h3 class=\"wp-block-heading has-white-color has-text-color has-medium-font-size\" style=\"margin-top:0;margin-right:0;margin-bottom:0;margin-left:0\"><br>CONFERENCIAS<\/h3>\n<\/div><\/div>\n<\/div>\n\n\n\n<div class=\"wp-block-column is-layout-flow wp-block-column-is-layout-flow\" style=\"padding-top:0;padding-right:0;padding-bottom:0;padding-left:0\">\n<div class=\"wp-block-cover is-light has-custom-content-position is-position-bottom-left\" style=\"padding-top:var(--wp--preset--spacing--small);padding-right:var(--wp--preset--spacing--x-small);padding-bottom:var(--wp--preset--spacing--small);padding-left:var(--wp--preset--spacing--x-small)\"><span aria-hidden=\"true\" class=\"wp-block-cover__background has-primary-background-color has-background-dim-30 has-background-dim\"><\/span><video class=\"wp-block-cover__video-background intrinsic-ignore\" autoplay muted loop playsinline src=\"https:\/\/magnetictalent.cl\/wp-content\/uploads\/2024\/11\/Saludo-Ida.mov\" data-object-fit=\"cover\"><\/video><div class=\"wp-block-cover__inner-container is-layout-flow wp-block-cover-is-layout-flow\">\n<h3 class=\"wp-block-heading has-white-color has-text-color has-medium-font-size\" style=\"margin-top:0;margin-right:0;margin-bottom:0;margin-left:0\"><br>TALLERES<\/h3>\n<\/div><\/div>\n<\/div>\n\n\n\n<div class=\"wp-block-column is-layout-flow wp-block-column-is-layout-flow\" style=\"padding-top:0;padding-right:0;padding-bottom:0;padding-left:0\">\n<div class=\"wp-block-cover is-light has-custom-content-position is-position-bottom-left\" style=\"padding-top:var(--wp--preset--spacing--small);padding-right:var(--wp--preset--spacing--x-small);padding-bottom:var(--wp--preset--spacing--small);padding-left:var(--wp--preset--spacing--x-small)\"><span aria-hidden=\"true\" class=\"wp-block-cover__background has-primary-background-color has-background-dim-30 has-background-dim\"><\/span><video class=\"wp-block-cover__video-background intrinsic-ignore\" autoplay muted loop playsinline src=\"https:\/\/magnetictalent.cl\/wp-content\/uploads\/2024\/11\/6774467-hd_720_1280_30fps.mp4\" data-object-fit=\"cover\"><\/video><div class=\"wp-block-cover__inner-container is-layout-flow wp-block-cover-is-layout-flow\">\n<h3 class=\"wp-block-heading has-white-color has-text-color has-medium-font-size\" style=\"margin-top:0;margin-right:0;margin-bottom:0;margin-left:0\"><br>CONSULTORIAS<\/h3>\n<\/div><\/div>\n<\/div>\n<\/div>\n<\/div><\/div>\n\n\n\n\n\n<div class=\"wp-block-cover alignfull has-parallax is-position-center-center\" style=\"border-radius:0px\"><span aria-hidden=\"true\" class=\"wp-block-cover__background has-black-background-color has-background-dim-40 has-background-dim\"><\/span><div class=\"wp-block-cover__image-background wp-image-43 has-parallax\" style=\"background-position:50% 50%;background-image:url(https:\/\/magnetictalent.cl\/wp-content\/uploads\/2024\/11\/MG_8386-scaled.jpg)\"><\/div><div class=\"wp-block-cover__inner-container is-layout-flow wp-block-cover-is-layout-flow\">\n<div class=\"wp-block-group\"><div class=\"wp-block-group__inner-container is-layout-constrained wp-block-group-is-layout-constrained\">\n<h3 class=\"wp-block-heading has-text-align-center has-text-color\" style=\"color:#02f5f5;font-size:30px;text-transform:capitalize\">nuestra promesa<\/h3>\n\n\n\n<p class=\"has-text-align-center has-kubio-color-5-color has-text-color has-medium-font-size\"><strong>B<\/strong>rindamos herramientas y estrategias que transforman equipos en verdaderos agentes de cambio. Con <strong>MAGNETIC TALENT SPA<\/strong>, las organizaciones no solo evolucionan; se posicionan como l\u00edderes visionarios en el mercado. \u00bfEst\u00e1s listo para ser parte de esta revoluci\u00f3n del talento? <strong>Es hora de activar tu magnetismo y liderar con prop\u00f3sito<\/strong>. \u00a1\u00danete a la transformaci\u00f3n! <\/p>\n\n\n\n<div style=\"height:31px\" aria-hidden=\"true\" class=\"wp-block-spacer\"><\/div>\n\n\n\n<div class=\"wp-block-buttons is-horizontal is-content-justification-center is-layout-flex wp-container-core-buttons-is-layout-499968f5 wp-block-buttons-is-layout-flex\">\n<div class=\"wp-block-button is-style-outline is-style-outline--1\"><a class=\"wp-block-button__link has-white-color has-text-color wp-element-button\" href=\"#\" style=\"border-radius:0px\">CONTACTANOS<\/a><\/div>\n<\/div>\n<\/div><\/div>\n<\/div><\/div>\n\n\n\n\n\n\n\n\n\n\n\n\n\n\n","protected":false},"excerpt":{"rendered":"<p>Nosotros Imagina una organizaci\u00f3n donde cada miembro vibra con un prop\u00f3sito claro, donde la cultura organizacional respira salud y crecimiento, y donde la sed de aprendizaje y superaci\u00f3n es parte del ADN. En MAGNETIC TALENT, creemos que el futuro del trabajo pertenece a aquellos que entienden que una marca empleadora s\u00f3lida es mucho m\u00e1s que &hellip; <\/p>\n<p class=\"link-more\"><a href=\"https:\/\/magnetictalent.cl\/\" class=\"more-link\">Continuar leyendo<span class=\"screen-reader-text\"> \u00abP\u00e1gina de inicio\u00bb<\/span><\/a><\/p>\n","protected":false},"author":1,"featured_media":0,"parent":2,"menu_order":0,"comment_status":"closed","ping_status":"closed","template":"page-templates\/homepage-no-hero.php","meta":{"saved_in_kubio":true,"_joinchat":[],"footnotes":""},"class_list":["post-8","page","type-page","status-publish","hentry"],"kubio_ai_page_context":{"short_desc":"","purpose":"general"},"_links":{"self":[{"href":"https:\/\/magnetictalent.cl\/index.php?rest_route=\/wp\/v2\/pages\/8","targetHints":{"allow":["GET"]}}],"collection":[{"href":"https:\/\/magnetictalent.cl\/index.php?rest_route=\/wp\/v2\/pages"}],"about":[{"href":"https:\/\/magnetictalent.cl\/index.php?rest_route=\/wp\/v2\/types\/page"}],"author":[{"embeddable":true,"href":"https:\/\/magnetictalent.cl\/index.php?rest_route=\/wp\/v2\/users\/1"}],"replies":[{"embeddable":true,"href":"https:\/\/magnetictalent.cl\/index.php?rest_route=%2Fwp%2Fv2%2Fcomments&post=8"}],"version-history":[{"count":82,"href":"https:\/\/magnetictalent.cl\/index.php?rest_route=\/wp\/v2\/pages\/8\/revisions"}],"predecessor-version":[{"id":651,"href":"https:\/\/magnetictalent.cl\/index.php?rest_route=\/wp\/v2\/pages\/8\/revisions\/651"}],"up":[{"embeddable":true,"href":"https:\/\/magnetictalent.cl\/index.php?rest_route=\/wp\/v2\/pages\/2"}],"wp:attachment":[{"href":"https:\/\/magnetictalent.cl\/index.php?rest_route=%2Fwp%2Fv2%2Fmedia&parent=8"}],"curies":[{"name":"wp","href":"https:\/\/api.w.org\/{rel}","templated":true}]}}